{"id":7214,"date":"2023-02-28T15:43:44","date_gmt":"2023-02-28T08:43:44","guid":{"rendered":"https:\/\/arcinterior.vn\/?post_type=product&#038;p=7214"},"modified":"2023-04-10T14:41:15","modified_gmt":"2023-04-10T07:41:15","slug":"v6-h04","status":"publish","type":"product","link":"https:\/\/arcinterior.vn\/?product=v6-h04","title":{"rendered":"V6-H04"},"content":{"rendered":"\t\t<div data-elementor-type=\"wp-post\" data-elementor-id=\"7214\" class=\"elementor elementor-7214\">\n\t\t\t\t\t\t<section class=\"elementor-section elementor-top-section elementor-element elementor-element-c17f9e6 elementor-section-boxed elementor-section-height-default elementor-section-height-default\" data-id=\"c17f9e6\" data-element_type=\"section\">\n\t\t\t\t\t\t<div class=\"elementor-container elementor-column-gap-default\">\n\t\t\t\t\t<div class=\"elementor-column elementor-col-33 elementor-top-column elementor-element elementor-element-3653b13\" data-id=\"3653b13\" data-element_type=\"column\">\n\t\t\t<div class=\"elementor-widget-wrap\">\n\t\t\t\t\t\t\t<\/div>\n\t\t<\/div>\n\t\t\t\t<div class=\"elementor-column elementor-col-33 elementor-top-column elementor-element elementor-element-9e1d390\" data-id=\"9e1d390\" data-element_type=\"column\">\n\t\t\t<div class=\"elementor-widget-wrap\">\n\t\t\t\t\t\t\t<\/div>\n\t\t<\/div>\n\t\t\t\t<div class=\"elementor-column elementor-col-33 elementor-top-column elementor-element elementor-element-87f1d5a\" data-id=\"87f1d5a\" data-element_type=\"column\">\n\t\t\t<div class=\"elementor-widget-wrap\">\n\t\t\t\t\t\t\t<\/div>\n\t\t<\/div>\n\t\t\t\t\t<\/div>\n\t\t<\/section>\n\t\t\t\t<section class=\"elementor-section elementor-top-section elementor-element elementor-element-1e1730f elementor-section-boxed elementor-section-height-default elementor-section-height-default\" data-id=\"1e1730f\" data-element_type=\"section\">\n\t\t\t\t\t\t<div class=\"elementor-container elementor-column-gap-default\">\n\t\t\t\t\t<div class=\"elementor-column elementor-col-50 elementor-top-column elementor-element elementor-element-ead2966\" data-id=\"ead2966\" data-element_type=\"column\">\n\t\t\t<div class=\"elementor-widget-wrap elementor-element-populated\">\n\t\t\t\t\t\t<div class=\"elementor-element elementor-element-041affe elementor-widget elementor-widget-text-editor\" data-id=\"041affe\" data-element_type=\"widget\" data-widget_type=\"text-editor.default\">\n\t\t\t\t<div class=\"elementor-widget-container\">\n\t\t\t<style>\/*! elementor - v3.23.0 - 15-07-2024 *\/\n.elementor-widget-text-editor.elementor-drop-cap-view-stacked .elementor-drop-cap{background-color:#69727d;color:#fff}.elementor-widget-text-editor.elementor-drop-cap-view-framed .elementor-drop-cap{color:#69727d;border:3px solid;background-color:transparent}.elementor-widget-text-editor:not(.elementor-drop-cap-view-default) .elementor-drop-cap{margin-top:8px}.elementor-widget-text-editor:not(.elementor-drop-cap-view-default) .elementor-drop-cap-letter{width:1em;height:1em}.elementor-widget-text-editor .elementor-drop-cap{float:left;text-align:center;line-height:1;font-size:50px}.elementor-widget-text-editor .elementor-drop-cap-letter{display:inline-block}<\/style>\t\t\t\t<p>D\u00f2ng gh\u1ebf c\u00f4ng th\u00e1i h\u1ecdc V6-H09 l\u00e0 m\u1eabu gh\u1ebf c\u00f4ng th\u00e1i h\u1ecdc \u0111ang r\u1ea5t th\u1ecbnh h\u00e0nh t\u1ea1i th\u1ecb tr\u01b0\u1eddng n\u1ed9i th\u1ea5t c\u00f4ng s\u1edf hi\u1ec7n nay.\u00a0<\/p><p>M\u1eabu gh\u1ebf n\u00e0y ph\u00f9 h\u1ee3p v\u1edbi nhi\u1ec1u d\u00e1ng ng\u01b0\u1eddi kh\u00e1c nhau v\u00ec c\u00f3 thi\u1ebft k\u1ebf r\u1ea5t linh ho\u1ea1t v\u00e0 ti\u1ec7n l\u1ee3i.\u00a0\u00a0<\/p><p>Gh\u1ebf c\u00f4ng th\u00e1i h\u1ecdc V6-H09 s\u1ebd l\u00e0 m\u1ed9t s\u1ef1 l\u1ef1a ch\u1ecdn tuy\u1ec7t v\u1eddi \u0111em l\u1ea1i s\u1ef1 sang tr\u1ecdng v\u00e0 hi\u1ec7n \u0111\u1ea1i cho v\u0103n ph\u00f2ng l\u00e0m vi\u1ec7c c\u1ee7a b\u1ea1n<\/p>\t\t\t\t\t\t<\/div>\n\t\t\t\t<\/div>\n\t\t\t\t\t<\/div>\n\t\t<\/div>\n\t\t\t\t<div class=\"elementor-column elementor-col-50 elementor-top-column elementor-element elementor-element-c77b3a5\" data-id=\"c77b3a5\" data-element_type=\"column\">\n\t\t\t<div class=\"elementor-widget-wrap\">\n\t\t\t\t\t\t\t<\/div>\n\t\t<\/div>\n\t\t\t\t\t<\/div>\n\t\t<\/section>\n\t\t\t\t<section class=\"elementor-section elementor-top-section elementor-element elementor-element-32cbce6 elementor-section-boxed elementor-section-height-default elementor-section-height-default\" data-id=\"32cbce6\" data-element_type=\"section\">\n\t\t\t\t\t\t<div class=\"elementor-container elementor-column-gap-default\">\n\t\t\t\t\t<div class=\"elementor-column elementor-col-50 elementor-top-column elementor-element elementor-element-933a783\" data-id=\"933a783\" data-element_type=\"column\">\n\t\t\t<div class=\"elementor-widget-wrap elementor-element-populated\">\n\t\t\t\t\t\t<div class=\"elementor-element elementor-element-648fd78 elementor-widget elementor-widget-text-editor\" data-id=\"648fd78\" data-element_type=\"widget\" data-widget_type=\"text-editor.default\">\n\t\t\t\t<div class=\"elementor-widget-container\">\n\t\t\t\t\t\t\t<h3 style=\"text-align: left;\">T\u00ednh n\u0103ng n\u1ed5i b\u1eadt<\/h3><ul><li style=\"margin-bottom: 0.6em; margin-left: 1.3em;\"><p>Gh\u1ebf v\u0103n ph\u00f2ng cao c\u1ea5p \u0111i\u1ec1u ch\u1ec9nh \u0111\u1ed9 cao l\u01b0ng\u00a0 V6-H04<\/p><p style=\"margin-left: 22.5pt; mso-add-space: auto; text-indent: -.25in; mso-list: l0 level1 lfo1;\"><!-- [if !supportLists]-->1.<span style=\"font-variant-numeric: normal; font-variant-east-asian: normal; font-variant-alternates: normal; font-kerning: auto; font-optical-sizing: auto; font-feature-settings: normal; font-variation-settings: normal; font-stretch: normal; font-size: 7pt; line-height: normal; font-family: 'Times New Roman';\">\u00a0\u00a0\u00a0\u00a0 <\/span><!--[endif]-->Ch\u00e2n gh\u1ebf b\u1eb1ng ch\u1ea5t li\u1ec7u th\u00e9p ch\u1ed1ng g\u1ec9, c\u00f3 b\u00e1nh xe ch\u1ea5t li\u1ec7u PU di chuy\u1ec3n inh ho\u1ea1t v\u00e0 ch\u1eafc ch\u1eafn\u00a0<\/p><p style=\"margin-left: 22.5pt; mso-add-space: auto; text-indent: -.25in; mso-list: l0 level1 lfo1;\"><!-- [if !supportLists]-->2.<span style=\"font-variant-numeric: normal; font-variant-east-asian: normal; font-variant-alternates: normal; font-kerning: auto; font-optical-sizing: auto; font-feature-settings: normal; font-variation-settings: normal; font-stretch: normal; font-size: 7pt; line-height: normal; font-family: 'Times New Roman';\">\u00a0\u00a0\u00a0\u00a0 <\/span><!--[endif]-->Tay v\u1ecbn \u0111i\u1ec1u ch\u1ec9nh l\u00ean xu\u1ed1ng ti\u1ec7n l\u1ee3i,\u00a0<span style=\"color: var( --e-global-color-text ); font-family: var( --e-global-typography-text-font-family ), Sans-serif; font-weight: var( --e-global-typography-text-font-weight );\">Tay v\u1ecbn b\u1ec1 m\u1eb7t ph\u1ee7 PU m\u1ec1m t\u1ea1o c\u1ea3m gi\u00e1c tho\u1ea3i m\u00e1i<\/span><\/p><p style=\"margin-left: 22.5pt; mso-add-space: auto; text-indent: -.25in; mso-list: l0 level1 lfo1;\"><!-- [if !supportLists]-->3.<span style=\"font-variant-numeric: normal; font-variant-east-asian: normal; font-variant-alternates: normal; font-kerning: auto; font-optical-sizing: auto; font-feature-settings: normal; font-variation-settings: normal; font-stretch: normal; font-size: 7pt; line-height: normal; font-family: 'Times New Roman';\">\u00a0\u00a0\u00a0\u00a0 <\/span><!--[endif]-->M\u1eb7t L\u01b0ng b\u1ecdc b\u1eb1ng l\u01b0\u1edbi tho\u00e1ng kh\u00ed, gi\u00fap t\u1ea3n nhi\u1ec7t, th\u00edch h\u1ee3p v\u1edbi m\u00f9a n\u1eafng n\u00f3ng<\/p><p style=\"margin-left: 22.5pt; mso-add-space: auto; text-indent: -.25in; mso-list: l0 level1 lfo1;\"><!-- [if !supportLists]-->4.<span style=\"font-variant-numeric: normal; font-variant-east-asian: normal; font-variant-alternates: normal; font-kerning: auto; font-optical-sizing: auto; font-feature-settings: normal; font-variation-settings: normal; font-stretch: normal; font-size: 7pt; line-height: normal; font-family: 'Times New Roman';\">\u00a0\u00a0\u00a0\u00a0 <\/span><!--[endif]-->Khung tr\u01b0\u01a1t kh\u00f3a b\u00e1nh r\u0103ng th\u1ee9 ba<\/p><p style=\"margin-left: 22.5pt; mso-add-space: auto; text-indent: -.25in; mso-list: l0 level1 lfo1;\"><!-- [if !supportLists]-->5.<span style=\"font-variant-numeric: normal; font-variant-east-asian: normal; font-variant-alternates: normal; font-kerning: auto; font-optical-sizing: auto; font-feature-settings: normal; font-variation-settings: normal; font-stretch: normal; font-size: 7pt; line-height: normal; font-family: 'Times New Roman';\">\u00a0 \u00a0 \u00a0<\/span><span style=\"text-indent: -0.25in; color: var( --e-global-color-text ); font-family: var( --e-global-typography-text-font-family ), Sans-serif; font-weight: var( --e-global-typography-text-font-weight );\">\u0110\u1ec7m ng\u1ed3i cotton t\u1ea1o ki\u1ec3u, m\u1eadt \u0111\u1ed9 Foam cao mang l\u1ea1i c\u1ea3m gi\u00e1c \u00eam \u00e1i nh\u1eb9 nh\u00e0ng khi s\u1eed d\u1ee5ng<\/span><\/p><p style=\"margin-left: 22.5pt; mso-add-space: auto; text-indent: -.25in; mso-list: l0 level1 lfo1;\"><!-- [if !supportLists]-->6.<span style=\"font-variant-numeric: normal; font-variant-east-asian: normal; font-variant-alternates: normal; font-kerning: auto; font-optical-sizing: auto; font-feature-settings: normal; font-variation-settings: normal; font-stretch: normal; font-size: 7pt; line-height: normal; font-family: 'Times New Roman';\">\u00a0\u00a0\u00a0\u00a0 <\/span><!--[endif]-->Khung sau b\u1eb1ng nh\u1ef1a PP si\u00eau b\u1ec1n \u0111\u1ee1 tr\u1ecdn ph\u1ea7n khung l\u01b0ng, c\u00f3 th\u1ec3 \u0111i\u1ec1u ch\u1ec9nh ng\u1ea3 l\u01b0ng theo \u00fd mu\u1ed1n<\/p><p style=\"margin-left: 22.5pt; mso-add-space: auto; text-indent: -.25in; mso-list: l0 level1 lfo1;\">\u00a0<\/p><\/li><\/ul>\t\t\t\t\t\t<\/div>\n\t\t\t\t<\/div>\n\t\t\t\t\t<\/div>\n\t\t<\/div>\n\t\t\t\t<div class=\"elementor-column elementor-col-50 elementor-top-column elementor-element elementor-element-70927f0\" data-id=\"70927f0\" data-element_type=\"column\">\n\t\t\t<div class=\"elementor-widget-wrap elementor-element-populated\">\n\t\t\t\t\t\t<div class=\"elementor-element elementor-element-d113211 elementor-widget elementor-widget-image\" data-id=\"d113211\" data-element_type=\"widget\" data-widget_type=\"image.default\">\n\t\t\t\t<div class=\"elementor-widget-container\">\n\t\t\t<style>\/*! elementor - v3.23.0 - 15-07-2024 *\/\n.elementor-widget-image{text-align:center}.elementor-widget-image a{display:inline-block}.elementor-widget-image a img[src$=\".svg\"]{width:48px}.elementor-widget-image img{vertical-align:middle;display:inline-block}<\/style>\t\t\t\t\t\t\t\t\t\t<img fetchpriority=\"high\" decoding=\"async\" width=\"640\" height=\"987\" src=\"https:\/\/arcinterior.vn\/wp-content\/uploads\/2023\/04\/DCH_2846-1-664x1024.jpg\" class=\"attachment-large size-large wp-image-8624\" alt=\"ARC -chuy\u00ean thi c\u00f4ng v\u00e0 cung c\u1ea5p n\u1ed9i th\u1ea5t v\u0103n ph\u00f2ng\" srcset=\"https:\/\/arcinterior.vn\/wp-content\/uploads\/2023\/04\/DCH_2846-1-664x1024.jpg 664w, https:\/\/arcinterior.vn\/wp-content\/uploads\/2023\/04\/DCH_2846-1-300x462.jpg 300w, https:\/\/arcinterior.vn\/wp-content\/uploads\/2023\/04\/DCH_2846-1-600x925.jpg 600w, https:\/\/arcinterior.vn\/wp-content\/uploads\/2023\/04\/DCH_2846-1-195x300.jpg 195w, https:\/\/arcinterior.vn\/wp-content\/uploads\/2023\/04\/DCH_2846-1-768x1184.jpg 768w, https:\/\/arcinterior.vn\/wp-content\/uploads\/2023\/04\/DCH_2846-1-996x1536.jpg 996w, https:\/\/arcinterior.vn\/wp-content\/uploads\/2023\/04\/DCH_2846-1.jpg 1038w\" sizes=\"(max-width: 640px) 100vw, 640px\" \/>\t\t\t\t\t\t\t\t\t\t\t\t\t<\/div>\n\t\t\t\t<\/div>\n\t\t\t\t\t<\/div>\n\t\t<\/div>\n\t\t\t\t\t<\/div>\n\t\t<\/section>\n\t\t\t\t<section class=\"elementor-section elementor-top-section elementor-element elementor-element-8739bd2 elementor-section-boxed elementor-section-height-default elementor-section-height-default\" data-id=\"8739bd2\" data-element_type=\"section\">\n\t\t\t\t\t\t<div class=\"elementor-container elementor-column-gap-default\">\n\t\t\t\t\t<div class=\"elementor-column elementor-col-33 elementor-top-column elementor-element elementor-element-0929526\" data-id=\"0929526\" data-element_type=\"column\">\n\t\t\t<div class=\"elementor-widget-wrap elementor-element-populated\">\n\t\t\t\t\t\t\t<\/div>\n\t\t<\/div>\n\t\t\t\t<div class=\"elementor-column elementor-col-33 elementor-top-column elementor-element elementor-element-60d6a5a\" data-id=\"60d6a5a\" data-element_type=\"column\">\n\t\t\t<div class=\"elementor-widget-wrap elementor-element-populated\">\n\t\t\t\t\t\t<div class=\"elementor-element elementor-element-466e9ee elementor-widget elementor-widget-image\" data-id=\"466e9ee\" data-element_type=\"widget\" data-widget_type=\"image.default\">\n\t\t\t\t<div class=\"elementor-widget-container\">\n\t\t\t\t\t\t\t\t\t\t\t\t\t<img decoding=\"async\" width=\"640\" height=\"955\" src=\"https:\/\/arcinterior.vn\/wp-content\/uploads\/2023\/04\/DCH_2852-686x1024.jpg\" class=\"attachment-large size-large wp-image-8622\" alt=\"\" srcset=\"https:\/\/arcinterior.vn\/wp-content\/uploads\/2023\/04\/DCH_2852-686x1024.jpg 686w, https:\/\/arcinterior.vn\/wp-content\/uploads\/2023\/04\/DCH_2852-300x448.jpg 300w, https:\/\/arcinterior.vn\/wp-content\/uploads\/2023\/04\/DCH_2852-600x895.jpg 600w, https:\/\/arcinterior.vn\/wp-content\/uploads\/2023\/04\/DCH_2852-201x300.jpg 201w, https:\/\/arcinterior.vn\/wp-content\/uploads\/2023\/04\/DCH_2852-768x1146.jpg 768w, https:\/\/arcinterior.vn\/wp-content\/uploads\/2023\/04\/DCH_2852-1030x1536.jpg 1030w, https:\/\/arcinterior.vn\/wp-content\/uploads\/2023\/04\/DCH_2852.jpg 1051w\" sizes=\"(max-width: 640px) 100vw, 640px\" \/>\t\t\t\t\t\t\t\t\t\t\t\t\t<\/div>\n\t\t\t\t<\/div>\n\t\t\t\t\t<\/div>\n\t\t<\/div>\n\t\t\t\t<div class=\"elementor-column elementor-col-33 elementor-top-column elementor-element elementor-element-134f612\" data-id=\"134f612\" data-element_type=\"column\">\n\t\t\t<div class=\"elementor-widget-wrap elementor-element-populated\">\n\t\t\t\t\t\t<div class=\"elementor-element elementor-element-0f2cf2a elementor-widget elementor-widget-text-editor\" data-id=\"0f2cf2a\" data-element_type=\"widget\" data-widget_type=\"text-editor.default\">\n\t\t\t\t<div class=\"elementor-widget-container\">\n\t\t\t\t\t\t\t<h3>Nh\u1eefng \u01b0u \u0111i\u1ec3m v\u01b0\u1ee3t tr\u1ed9i<\/h3>\n<p>&#8211;&nbsp; Khung nh\u1ef1a PP \u0111\u1ee1 ph\u1ea7n l\u01b0ng l\u01b0\u1edbi cao c\u1ea5p, ch\u1ed1ng t\u00edch nhi\u1ec7t v\u00e0 ch\u1ed1ng \u1ea9m m\u1ed1c t\u1ed1t<\/p>\n<p>&#8211; T\u1ef1a \u0111\u1ea7u c\u00f3 th\u1ec3 \u0111i\u1ec1u ch\u1ec9nh \u0111\u1ed9 cao, xoay g\u00f3c 45 \u0111\u1ed9 ph\u00f9 h\u1ee3p v\u1edbi ng\u01b0\u1eddi ng\u1ed3i, gi\u00fap n\u00e2ng \u0111\u1ee1 c\u1ed5 m\u1ed9t c\u00e1ch tho\u1ea3i m\u00e1i nh\u1ea5t<\/p>\n<p>&#8211; L\u01b0ng gh\u1ebf&nbsp;H\u00ecnh ch\u1eef S m\u00f4 ph\u1ecfng d\u00e1ng c\u1ed9t s\u1ed1ng, l\u01b0\u1edbi tho\u00e1ng kh\u00ed k\u1ebft h\u1ee3p v\u1edbi khung nh\u1ef1a d\u1ebbo dai \u0111\u1ee1 th\u1eaft l\u01b0ng<\/p>\n<p>&#8211;&nbsp;\u0110\u1ec7m ng\u1ed3i cotton t\u1ea1o ki\u1ec3u, m\u00e2t \u0111\u1ed9 foam cao, gi\u00fap ng\u01b0\u1eddi ng\u1ed3i c\u00f3 c\u1ea3m gi\u00e1c \u00eam \u00e1i.<\/p>\n<p>&#8211;&nbsp;Tay v\u1ecbn b\u1ec1 m\u1eb7t ph\u1ee7 PU m\u1ec1m t\u1ea1o c\u1ea3m gi\u00e1c tho\u1ea3i m\u00e1i, c\u00f3 th\u1ec3 \u0111i\u1ec1u ch\u1ec9nh l\u00ean xu\u1ed1ng.<\/p>\n<p>&#8211; B\u00e1t xoay&nbsp;<span style=\"color: var( --e-global-color-text ); font-family: var( --e-global-typography-text-font-family ), Sans-serif; font-weight: var( --e-global-typography-text-font-weight );\">h\u1ed7 tr\u1ee3 gh\u1ebf ng\u1ea3 l\u1eadt \u0111\u1eadt 20 \u0111\u1ed9, \u0111i\u1ec1u ch\u1ec9nh l\u00ean xu\u1ed1ng 8.5cm<\/span><\/p>\n<p><span style=\"color: var( --e-global-color-text ); font-family: var( --e-global-typography-text-font-family ), Sans-serif; font-weight: var( --e-global-typography-text-font-weight );\">&#8211; Ch\u00e2n gh\u1ebf<\/span>&nbsp;th\u00e9p ch\u1eafc ch\u1eafn k\u1ebft h\u1ee3p b\u00e1nh xe di chuy\u1ec3n linh ho\u1ea1t<\/p>\n<p><\/p>\t\t\t\t\t\t<\/div>\n\t\t\t\t<\/div>\n\t\t\t\t\t<\/div>\n\t\t<\/div>\n\t\t\t\t\t<\/div>\n\t\t<\/section>\n\t\t\t\t<section class=\"elementor-section elementor-top-section elementor-element elementor-element-fde9f9e elementor-section-boxed elementor-section-height-default elementor-section-height-default\" data-id=\"fde9f9e\" data-element_type=\"section\">\n\t\t\t\t\t\t<div class=\"elementor-container elementor-column-gap-default\">\n\t\t\t\t\t<div class=\"elementor-column elementor-col-33 elementor-top-column elementor-element elementor-element-2d2c633\" data-id=\"2d2c633\" data-element_type=\"column\">\n\t\t\t<div class=\"elementor-widget-wrap\">\n\t\t\t\t\t\t\t<\/div>\n\t\t<\/div>\n\t\t\t\t<div class=\"elementor-column elementor-col-33 elementor-top-column elementor-element elementor-element-da65a37\" data-id=\"da65a37\" data-element_type=\"column\">\n\t\t\t<div class=\"elementor-widget-wrap\">\n\t\t\t\t\t\t\t<\/div>\n\t\t<\/div>\n\t\t\t\t<div class=\"elementor-column elementor-col-33 elementor-top-column elementor-element elementor-element-9caf3b3\" data-id=\"9caf3b3\" data-element_type=\"column\">\n\t\t\t<div class=\"elementor-widget-wrap\">\n\t\t\t\t\t\t\t<\/div>\n\t\t<\/div>\n\t\t\t\t\t<\/div>\n\t\t<\/section>\n\t\t\t\t<\/div>\n\t\t","protected":false},"excerpt":{"rendered":"<p>D\u00f2ng gh\u1ebf c\u00f4ng th\u00e1i h\u1ecdc V6-H09 l\u00e0 m\u1eabu gh\u1ebf c\u00f4ng th\u00e1i h\u1ecdc \u0111ang r\u1ea5t th\u1ecbnh h\u00e0nh t\u1ea1i th\u1ecb tr\u01b0\u1eddng n\u1ed9i th\u1ea5t c\u00f4ng s\u1edf hi\u1ec7n nay.\u00a0 M\u1eabu gh\u1ebf n\u00e0y ph\u00f9 h\u1ee3p v\u1edbi nhi\u1ec1u d\u00e1ng ng\u01b0\u1eddi kh\u00e1c nhau v\u00ec c\u00f3 thi\u1ebft k\u1ebf r\u1ea5t linh ho\u1ea1t v\u00e0 ti\u1ec7n l\u1ee3i.\u00a0\u00a0 Gh\u1ebf c\u00f4ng th\u00e1i h\u1ecdc V6-H09 s\u1ebd l\u00e0 m\u1ed9t s\u1ef1 [&hellip;]<\/p>\n","protected":false},"featured_media":8498,"comment_status":"open","ping_status":"closed","template":"","meta":[],"product_cat":[131],"product_tag":[161],"class_list":{"0":"post-7214","1":"product","2":"type-product","3":"status-publish","4":"has-post-thumbnail","6":"product_cat-ghe-cong-thai-hoc","7":"product_tag-v6-h04","8":"product_brand-arc","10":"first","11":"instock","12":"shipping-taxable","13":"product-type-simple"},"_links":{"self":[{"href":"https:\/\/arcinterior.vn\/index.php?rest_route=\/wp\/v2\/product\/7214","targetHints":{"allow":["GET"]}}],"collection":[{"href":"https:\/\/arcinterior.vn\/index.php?rest_route=\/wp\/v2\/product"}],"about":[{"href":"https:\/\/arcinterior.vn\/index.php?rest_route=\/wp\/v2\/types\/product"}],"replies":[{"embeddable":true,"href":"https:\/\/arcinterior.vn\/index.php?rest_route=%2Fwp%2Fv2%2Fcomments&post=7214"}],"version-history":[{"count":10,"href":"https:\/\/arcinterior.vn\/index.php?rest_route=\/wp\/v2\/product\/7214\/revisions"}],"predecessor-version":[{"id":8634,"href":"https:\/\/arcinterior.vn\/index.php?rest_route=\/wp\/v2\/product\/7214\/revisions\/8634"}],"wp:featuredmedia":[{"embeddable":true,"href":"https:\/\/arcinterior.vn\/index.php?rest_route=\/wp\/v2\/media\/8498"}],"wp:attachment":[{"href":"https:\/\/arcinterior.vn\/index.php?rest_route=%2Fwp%2Fv2%2Fmedia&parent=7214"}],"wp:term":[{"taxonomy":"product_cat","embeddable":true,"href":"https:\/\/arcinterior.vn\/index.php?rest_route=%2Fwp%2Fv2%2Fproduct_cat&post=7214"},{"taxonomy":"product_tag","embeddable":true,"href":"https:\/\/arcinterior.vn\/index.php?rest_route=%2Fwp%2Fv2%2Fproduct_tag&post=7214"}],"curies":[{"name":"wp","href":"https:\/\/api.w.org\/{rel}","templated":true}]}}